{"id":3280,"date":"2026-03-13T11:38:22","date_gmt":"2026-03-13T10:38:22","guid":{"rendered":"https:\/\/mentalgymtherapy.com\/?page_id=3280"},"modified":"2026-03-13T11:42:55","modified_gmt":"2026-03-13T10:42:55","slug":"emdr-deportistas-online","status":"publish","type":"page","link":"https:\/\/mentalgymtherapy.com\/en\/emdr-deportistas-online","title":{"rendered":"EMDR for athletes"},"content":{"rendered":"<div data-elementor-type=\"wp-page\" data-elementor-id=\"3280\" class=\"elementor elementor-3280\">\n\t\t\t\t<div class=\"elementor-element elementor-element-894cd63 e-flex e-con-boxed e-con e-parent\" data-id=\"894cd63\" data-element_type=\"container\" data-e-type=\"container\">\n\t\t\t\t\t<div class=\"e-con-inner\">\n\t\t\t\t<div class=\"elementor-element elementor-element-9523d7b elementor-widget elementor-widget-heading\" data-id=\"9523d7b\" data-element_type=\"widget\" data-e-type=\"widget\" data-widget_type=\"heading.default\">\n\t\t\t\t<div class=\"elementor-widget-container\">\n\t\t\t\t\t<h3 class=\"elementor-heading-title elementor-size-default\">Sports psychologist EMDR <\/h3>\t\t\t\t<\/div>\n\t\t\t\t<\/div>\n\t\t\t\t<div class=\"elementor-element elementor-element-8e0000c elementor-widget elementor-widget-text-editor\" data-id=\"8e0000c\" data-element_type=\"widget\" data-e-type=\"widget\" data-widget_type=\"text-editor.default\">\n\t\t\t\t<div class=\"elementor-widget-container\">\n\t\t\t\t\t\t\t\t\t<p>\u00a0Overcoming mental blocks in athletes (Casablanca and online)<\/p>\t\t\t\t\t\t\t\t<\/div>\n\t\t\t\t<\/div>\n\t\t\t\t\t<\/div>\n\t\t\t\t<\/div>\n\t\t<div class=\"elementor-element elementor-element-7c083f01 e-con-full e-flex e-con e-parent\" data-id=\"7c083f01\" data-element_type=\"container\" data-e-type=\"container\" data-settings=\"{&quot;background_background&quot;:&quot;classic&quot;}\">\n\t\t<div class=\"elementor-element elementor-element-5f20a5ff e-con-full e-flex e-con e-child\" data-id=\"5f20a5ff\" data-element_type=\"container\" data-e-type=\"container\">\n\t\t\t\t<div class=\"elementor-element elementor-element-7f9f5317 elementor-widget elementor-widget-image\" data-id=\"7f9f5317\" data-element_type=\"widget\" data-e-type=\"widget\" data-widget_type=\"image.default\">\n\t\t\t\t<div class=\"elementor-widget-container\">\n\t\t\t\t\t\t\t\t\t\t\t\t\t\t\t<img fetchpriority=\"high\" decoding=\"async\" width=\"1024\" height=\"683\" src=\"https:\/\/mentalgymtherapy.com\/wp-content\/uploads\/2026\/03\/nathanael-desmeules-m3jnsMEqjG0-unsplash-1024x683.jpg\" class=\"attachment-large size-large wp-image-3281\" alt=\"\" srcset=\"https:\/\/mentalgymtherapy.com\/wp-content\/uploads\/2026\/03\/nathanael-desmeules-m3jnsMEqjG0-unsplash-1024x683.jpg 1024w, https:\/\/mentalgymtherapy.com\/wp-content\/uploads\/2026\/03\/nathanael-desmeules-m3jnsMEqjG0-unsplash-300x200.jpg 300w, https:\/\/mentalgymtherapy.com\/wp-content\/uploads\/2026\/03\/nathanael-desmeules-m3jnsMEqjG0-unsplash-768x512.jpg 768w, https:\/\/mentalgymtherapy.com\/wp-content\/uploads\/2026\/03\/nathanael-desmeules-m3jnsMEqjG0-unsplash-1536x1024.jpg 1536w, https:\/\/mentalgymtherapy.com\/wp-content\/uploads\/2026\/03\/nathanael-desmeules-m3jnsMEqjG0-unsplash-2048x1365.jpg 2048w, https:\/\/mentalgymtherapy.com\/wp-content\/uploads\/2026\/03\/nathanael-desmeules-m3jnsMEqjG0-unsplash-18x12.jpg 18w\" sizes=\"(max-width: 1024px) 100vw, 1024px\" \/>\t\t\t\t\t\t\t\t\t\t\t\t\t\t\t<\/div>\n\t\t\t\t<\/div>\n\t\t\t\t<div class=\"elementor-element elementor-element-6ab71ff4 elementor-widget elementor-widget-heading\" data-id=\"6ab71ff4\" data-element_type=\"widget\" data-e-type=\"widget\" data-widget_type=\"heading.default\">\n\t\t\t\t<div class=\"elementor-widget-container\">\n\t\t\t\t\t<h1 class=\"elementor-heading-title elementor-size-default\">EMDR for athletes<\/h1>\t\t\t\t<\/div>\n\t\t\t\t<\/div>\n\t\t\t\t<div class=\"elementor-element elementor-element-63f43c70 elementor-widget elementor-widget-text-editor\" data-id=\"63f43c70\" data-element_type=\"widget\" data-e-type=\"widget\" data-widget_type=\"text-editor.default\">\n\t\t\t\t<div class=\"elementor-widget-container\">\n\t\t\t\t\t\t\t\t\t<p data-start=\"251\" data-end=\"303\"><strong data-start=\"251\" data-end=\"303\">Do you train well\u2026 but freeze up in competition?<\/strong><\/p><p data-start=\"305\" data-end=\"335\">It happens to many athletes:<\/p><ul data-start=\"337\" data-end=\"491\"><li data-section-id=\"dh6y63\" data-start=\"337\" data-end=\"367\"><p data-start=\"339\" data-end=\"367\">Everything goes well in training<\/p><\/li><li data-section-id=\"13a0391\" data-start=\"368\" data-end=\"401\"><p data-start=\"370\" data-end=\"401\">Doubts arise in competition<\/p><\/li><li data-section-id=\"7gjvz\" data-start=\"402\" data-end=\"443\"><p data-start=\"404\" data-end=\"443\">Past mistakes come back to mind<\/p><\/li><li data-section-id=\"sc3lf2\" data-start=\"444\" data-end=\"491\"><p data-start=\"446\" data-end=\"491\">After an injury, it's hard to trust again<\/p><\/li><\/ul><p data-start=\"493\" data-end=\"516\">It's not a lack of talent.<\/p><p data-start=\"518\" data-end=\"604\" class=\"translation-block\">Sometimes the problem is that the brain <strong data-start=\"556\" data-end=\"603\">is still reacting to a past experience<\/strong>.<\/p><p data-start=\"606\" data-end=\"721\" class=\"translation-block\">With <strong data-start=\"610\" data-end=\"651\"><span class=\"hover:entity-accent entity-underline inline cursor-pointer align-baseline\"><span class=\"whitespace-normal\">Eye Movement Desensitization and Reprocessing<\/span><\/span><\/strong>, we work directly on those memories to release the block.<\/p><p data-start=\"723\" data-end=\"848\">\ud83d\udccd Sesiones presenciales en <strong data-start=\"751\" data-end=\"792\"><span class=\"hover:entity-accent entity-underline inline cursor-pointer align-baseline\"><span class=\"whitespace-normal\">Casablanca<\/span><\/span><\/strong><br data-start=\"792\" data-end=\"795\" \/>\ud83d\udcbb Tambi\u00e9n online para deportistas en cualquier lugar<\/p>\t\t\t\t\t\t\t\t<\/div>\n\t\t\t\t<\/div>\n\t\t\t\t<div class=\"elementor-element elementor-element-a168643 elementor-mobile-align-center elementor-align-center elementor-widget elementor-widget-button\" data-id=\"a168643\" data-element_type=\"widget\" data-e-type=\"widget\" data-widget_type=\"button.default\">\n\t\t\t\t<div class=\"elementor-widget-container\">\n\t\t\t\t\t\t\t\t\t<div class=\"elementor-button-wrapper\">\n\t\t\t\t\t<a class=\"elementor-button elementor-button-link elementor-size-sm\" href=\"https:\/\/calendly.com\/sergionunezmartinez\/primera-visita?month=2025-11\" target=\"_blank\">\n\t\t\t\t\t\t<span class=\"elementor-button-content-wrapper\">\n\t\t\t\t\t\t\t\t\t<span class=\"elementor-button-text\">Book your session<\/span>\n\t\t\t\t\t<\/span>\n\t\t\t\t\t<\/a>\n\t\t\t\t<\/div>\n\t\t\t\t\t\t\t\t<\/div>\n\t\t\t\t<\/div>\n\t\t\t\t<\/div>\n\t\t\t\t<\/div>\n\t\t<div class=\"elementor-element elementor-element-2682b754 e-con-full e-flex e-con e-parent\" data-id=\"2682b754\" data-element_type=\"container\" data-e-type=\"container\" data-settings=\"{&quot;background_background&quot;:&quot;classic&quot;}\">\n\t\t<div class=\"elementor-element elementor-element-10fc0086 e-con-full e-flex e-con e-child\" data-id=\"10fc0086\" data-element_type=\"container\" data-e-type=\"container\">\n\t\t\t\t<div class=\"elementor-element elementor-element-4c057230 elementor-widget elementor-widget-heading\" data-id=\"4c057230\" data-element_type=\"widget\" data-e-type=\"widget\" data-widget_type=\"heading.default\">\n\t\t\t\t<div class=\"elementor-widget-container\">\n\t\t\t\t\t<h2 class=\"elementor-heading-title elementor-size-default\">The problem that many athletes can't explain<\/h2>\t\t\t\t<\/div>\n\t\t\t\t<\/div>\n\t\t\t\t<div class=\"elementor-element elementor-element-41cf7420 elementor-widget elementor-widget-image\" data-id=\"41cf7420\" data-element_type=\"widget\" data-e-type=\"widget\" data-widget_type=\"image.default\">\n\t\t\t\t<div class=\"elementor-widget-container\">\n\t\t\t\t\t\t\t\t\t\t\t\t\t\t\t<img decoding=\"async\" width=\"1024\" height=\"683\" src=\"https:\/\/mentalgymtherapy.com\/wp-content\/uploads\/2026\/03\/tim-mossholder-iwIkBKQ76YA-unsplash-1024x683.jpg\" class=\"attachment-large size-large wp-image-3283\" alt=\"\" srcset=\"https:\/\/mentalgymtherapy.com\/wp-content\/uploads\/2026\/03\/tim-mossholder-iwIkBKQ76YA-unsplash-1024x683.jpg 1024w, https:\/\/mentalgymtherapy.com\/wp-content\/uploads\/2026\/03\/tim-mossholder-iwIkBKQ76YA-unsplash-300x200.jpg 300w, https:\/\/mentalgymtherapy.com\/wp-content\/uploads\/2026\/03\/tim-mossholder-iwIkBKQ76YA-unsplash-768x512.jpg 768w, https:\/\/mentalgymtherapy.com\/wp-content\/uploads\/2026\/03\/tim-mossholder-iwIkBKQ76YA-unsplash-1536x1024.jpg 1536w, https:\/\/mentalgymtherapy.com\/wp-content\/uploads\/2026\/03\/tim-mossholder-iwIkBKQ76YA-unsplash-2048x1365.jpg 2048w, https:\/\/mentalgymtherapy.com\/wp-content\/uploads\/2026\/03\/tim-mossholder-iwIkBKQ76YA-unsplash-18x12.jpg 18w\" sizes=\"(max-width: 1024px) 100vw, 1024px\" \/>\t\t\t\t\t\t\t\t\t\t\t\t\t\t\t<\/div>\n\t\t\t\t<\/div>\n\t\t\t\t<div class=\"elementor-element elementor-element-483cdb76 elementor-widget elementor-widget-text-editor\" data-id=\"483cdb76\" data-element_type=\"widget\" data-e-type=\"widget\" data-widget_type=\"text-editor.default\">\n\t\t\t\t<div class=\"elementor-widget-container\">\n\t\t\t\t\t\t\t\t\t<p data-start=\"1097\" data-end=\"1116\">Maybe this has happened to you:<\/p><ul data-start=\"1118\" data-end=\"1295\"><li data-section-id=\"l2n7ow\" data-start=\"1118\" data-end=\"1157\"><p data-start=\"1120\" data-end=\"1157\">You fail at something simple in competition<\/p><\/li><li data-section-id=\"16smoio\" data-start=\"1158\" data-end=\"1202\"><p data-start=\"1160\" data-end=\"1202\">You remember a mistake just before performing<\/p><\/li><li data-section-id=\"8l84dv\" data-start=\"1203\" data-end=\"1258\"><p data-start=\"1205\" data-end=\"1258\">After an injury, your mind protects itself too much<\/p><\/li><li data-section-id=\"1v7dx25\" data-start=\"1259\" data-end=\"1295\"><p data-start=\"1261\" data-end=\"1295\">You feel anxious before competing<\/p><\/li><\/ul><p data-start=\"1297\" data-end=\"1334\">Many athletes describe it as:<\/p><p data-start=\"1336\" data-end=\"1385\"><strong data-start=\"1336\" data-end=\"1385\">\u201cI know I can do it\u2026 but something is blocking me.\u201d<\/strong><\/p><p data-start=\"1387\" data-end=\"1467\" class=\"translation-block\">With <strong data-start=\"610\" data-end=\"651\"><span class=\"hover:entity-accent entity-underline inline cursor-pointer align-baseline\"><span class=\"whitespace-normal\">Eye Movement Desensitization and Reprocessing<\/span><\/span><\/strong>, we work directly on those memories to release the block.<\/p>\t\t\t\t\t\t\t\t<\/div>\n\t\t\t\t<\/div>\n\t\t\t\t<div class=\"elementor-element elementor-element-624f531 elementor-mobile-align-center elementor-align-center elementor-widget elementor-widget-button\" data-id=\"624f531\" data-element_type=\"widget\" data-e-type=\"widget\" data-widget_type=\"button.default\">\n\t\t\t\t<div class=\"elementor-widget-container\">\n\t\t\t\t\t\t\t\t\t<div class=\"elementor-button-wrapper\">\n\t\t\t\t\t<a class=\"elementor-button elementor-button-link elementor-size-sm\" href=\"https:\/\/calendly.com\/sergionunezmartinez\/primera-visita?month=2025-11\" target=\"_blank\">\n\t\t\t\t\t\t<span class=\"elementor-button-content-wrapper\">\n\t\t\t\t\t\t\t\t\t<span class=\"elementor-button-text\">Let's go<\/span>\n\t\t\t\t\t<\/span>\n\t\t\t\t\t<\/a>\n\t\t\t\t<\/div>\n\t\t\t\t\t\t\t\t<\/div>\n\t\t\t\t<\/div>\n\t\t\t\t<\/div>\n\t\t\t\t<\/div>\n\t\t<div class=\"elementor-element elementor-element-4cadd607 e-con-full e-flex e-con e-parent\" data-id=\"4cadd607\" data-element_type=\"container\" data-e-type=\"container\" data-settings=\"{&quot;background_background&quot;:&quot;classic&quot;}\">\n\t\t<div class=\"elementor-element elementor-element-1d88f83b e-con-full e-flex e-con e-child\" data-id=\"1d88f83b\" data-element_type=\"container\" data-e-type=\"container\">\n\t\t\t\t<div class=\"elementor-element elementor-element-1b5ea27e elementor-widget elementor-widget-heading\" data-id=\"1b5ea27e\" data-element_type=\"widget\" data-e-type=\"widget\" data-widget_type=\"heading.default\">\n\t\t\t\t<div class=\"elementor-widget-container\">\n\t\t\t\t\t<h1 class=\"elementor-heading-title elementor-size-default\">What is EMDR<\/h1>\t\t\t\t<\/div>\n\t\t\t\t<\/div>\n\t\t\t\t<div class=\"elementor-element elementor-element-6fa55c64 elementor-widget elementor-widget-image\" data-id=\"6fa55c64\" data-element_type=\"widget\" data-e-type=\"widget\" data-widget_type=\"image.default\">\n\t\t\t\t<div class=\"elementor-widget-container\">\n\t\t\t\t\t\t\t\t\t\t\t\t\t\t\t<img decoding=\"async\" width=\"1024\" height=\"778\" src=\"https:\/\/mentalgymtherapy.com\/wp-content\/uploads\/2026\/03\/milad-fakurian-58Z17lnVS4U-unsplash-1024x778.jpg\" class=\"attachment-large size-large wp-image-3282\" alt=\"\" srcset=\"https:\/\/mentalgymtherapy.com\/wp-content\/uploads\/2026\/03\/milad-fakurian-58Z17lnVS4U-unsplash-1024x778.jpg 1024w, https:\/\/mentalgymtherapy.com\/wp-content\/uploads\/2026\/03\/milad-fakurian-58Z17lnVS4U-unsplash-300x228.jpg 300w, https:\/\/mentalgymtherapy.com\/wp-content\/uploads\/2026\/03\/milad-fakurian-58Z17lnVS4U-unsplash-768x584.jpg 768w, https:\/\/mentalgymtherapy.com\/wp-content\/uploads\/2026\/03\/milad-fakurian-58Z17lnVS4U-unsplash-1536x1167.jpg 1536w, https:\/\/mentalgymtherapy.com\/wp-content\/uploads\/2026\/03\/milad-fakurian-58Z17lnVS4U-unsplash-2048x1556.jpg 2048w, https:\/\/mentalgymtherapy.com\/wp-content\/uploads\/2026\/03\/milad-fakurian-58Z17lnVS4U-unsplash-16x12.jpg 16w\" sizes=\"(max-width: 1024px) 100vw, 1024px\" \/>\t\t\t\t\t\t\t\t\t\t\t\t\t\t\t<\/div>\n\t\t\t\t<\/div>\n\t\t\t\t<div class=\"elementor-element elementor-element-18e88097 elementor-widget elementor-widget-text-editor\" data-id=\"18e88097\" data-element_type=\"widget\" data-e-type=\"widget\" data-widget_type=\"text-editor.default\">\n\t\t\t\t<div class=\"elementor-widget-container\">\n\t\t\t\t\t\t\t\t\t<p data-start=\"1615\" data-end=\"1766\" class=\"translation-block\">When we go through an intense experience (injury, major mistake, tough competition), the brain can <strong data-start=\"1720\" data-end=\"1765\">store it with too much emotional charge<\/strong>.<\/p><p data-start=\"1768\" data-end=\"1843\">Then, in similar situations, the nervous system gets triggered again.<\/p><p data-start=\"1845\" data-end=\"1891\">Aunque racionalmente sepas que puedes hacerlo.<\/p><p data-start=\"1893\" data-end=\"2014\" class=\"translation-block\">This is where <strong data-start=\"1912\" data-end=\"1953\"><span class=\"hover:entity-accent entity-underline inline cursor-pointer align-baseline\"><span class=\"whitespace-normal\">Eye Movement Desensitization and Reprocessing<\/span><\/span><\/strong> comes in, developed by <strong data-start=\"1972\" data-end=\"2013\"><span class=\"hover:entity-accent entity-underline inline cursor-pointer align-baseline\"><span class=\"whitespace-normal\">Francine Shapiro<\/span><\/span><\/strong>.<\/p><p data-start=\"2016\" data-end=\"2131\" class=\"translation-block\">This therapy allows the brain to <strong data-start=\"2052\" data-end=\"2083\">reprocess those experiences<\/strong> so they no longer interfere with performance.<\/p>\t\t\t\t\t\t\t\t<\/div>\n\t\t\t\t<\/div>\n\t\t<div class=\"elementor-element elementor-element-00a4184 e-con-full e-flex e-con e-child\" data-id=\"00a4184\" data-element_type=\"container\" data-e-type=\"container\">\n\t\t\t\t<\/div>\n\t\t\t\t<\/div>\n\t\t\t\t<\/div>\n\t\t<div class=\"elementor-element elementor-element-83c84a8 e-flex e-con-boxed e-con e-parent\" data-id=\"83c84a8\" data-element_type=\"container\" data-e-type=\"container\">\n\t\t\t\t\t<div class=\"e-con-inner\">\n\t\t\t\t<div class=\"elementor-element elementor-element-6d854917 elementor-widget elementor-widget-image\" data-id=\"6d854917\" data-element_type=\"widget\" data-e-type=\"widget\" data-widget_type=\"image.default\">\n\t\t\t\t<div class=\"elementor-widget-container\">\n\t\t\t\t\t\t\t\t\t\t\t\t\t\t\t<img loading=\"lazy\" decoding=\"async\" width=\"2560\" height=\"1920\" src=\"https:\/\/mentalgymtherapy.com\/wp-content\/uploads\/2026\/03\/sean-zmLL-sIRGdc-unsplash-scaled.jpg\" class=\"attachment-full size-full wp-image-3284\" alt=\"\" srcset=\"https:\/\/mentalgymtherapy.com\/wp-content\/uploads\/2026\/03\/sean-zmLL-sIRGdc-unsplash-scaled.jpg 2560w, https:\/\/mentalgymtherapy.com\/wp-content\/uploads\/2026\/03\/sean-zmLL-sIRGdc-unsplash-300x225.jpg 300w, https:\/\/mentalgymtherapy.com\/wp-content\/uploads\/2026\/03\/sean-zmLL-sIRGdc-unsplash-1024x768.jpg 1024w, https:\/\/mentalgymtherapy.com\/wp-content\/uploads\/2026\/03\/sean-zmLL-sIRGdc-unsplash-768x576.jpg 768w, https:\/\/mentalgymtherapy.com\/wp-content\/uploads\/2026\/03\/sean-zmLL-sIRGdc-unsplash-1536x1152.jpg 1536w, https:\/\/mentalgymtherapy.com\/wp-content\/uploads\/2026\/03\/sean-zmLL-sIRGdc-unsplash-2048x1536.jpg 2048w, https:\/\/mentalgymtherapy.com\/wp-content\/uploads\/2026\/03\/sean-zmLL-sIRGdc-unsplash-16x12.jpg 16w\" sizes=\"(max-width: 2560px) 100vw, 2560px\" \/>\t\t\t\t\t\t\t\t\t\t\t\t\t\t\t<\/div>\n\t\t\t\t<\/div>\n\t\t\t\t<div class=\"elementor-element elementor-element-794b5e41 elementor-mobile-align-center elementor-align-center elementor-widget elementor-widget-button\" data-id=\"794b5e41\" data-element_type=\"widget\" data-e-type=\"widget\" data-widget_type=\"button.default\">\n\t\t\t\t<div class=\"elementor-widget-container\">\n\t\t\t\t\t\t\t\t\t<div class=\"elementor-button-wrapper\">\n\t\t\t\t\t<a class=\"elementor-button elementor-button-link elementor-size-sm\" href=\"https:\/\/calendly.com\/sergionunezmartinez\/primera-visita?month=2025-11\" target=\"_blank\">\n\t\t\t\t\t\t<span class=\"elementor-button-content-wrapper\">\n\t\t\t\t\t\t\t\t\t<span class=\"elementor-button-text\">Let's go<\/span>\n\t\t\t\t\t<\/span>\n\t\t\t\t\t<\/a>\n\t\t\t\t<\/div>\n\t\t\t\t\t\t\t\t<\/div>\n\t\t\t\t<\/div>\n\t\t\t\t<div class=\"elementor-element elementor-element-5dac2170 elementor-widget elementor-widget-text-editor\" data-id=\"5dac2170\" data-element_type=\"widget\" data-e-type=\"widget\" data-widget_type=\"text-editor.default\">\n\t\t\t\t<div class=\"elementor-widget-container\">\n\t\t\t\t\t\t\t\t\t<h1 data-section-id=\"1wc2l9t\" data-start=\"2261\" data-end=\"2306\">What changes when the block disappears<\/h1><p data-start=\"2308\" data-end=\"2340\">Many athletes experience:<\/p><p data-start=\"2342\" data-end=\"2481\">\u2714 menos ansiedad antes de competir<br data-start=\"2376\" data-end=\"2379\" \/>\u2714 m\u00e1s confianza en momentos clave<br data-start=\"2412\" data-end=\"2415\" \/>\u2714 mayor claridad mental<br data-start=\"2438\" data-end=\"2441\" \/>\u2714 sensaci\u00f3n de \u201cvolver a competir libre\u201d<\/p><p data-start=\"2483\" data-end=\"2520\">The goal is not to change your technique.<\/p><p data-start=\"2522\" data-end=\"2573\" class=\"translation-block\">It is <strong data-start=\"2525\" data-end=\"2572\">releasing what is holding you back mentally<\/strong>.<\/p><h1 data-section-id=\"1ka1g1f\" data-start=\"2691\" data-end=\"2712\">How we work<\/h1><p data-start=\"2714\" data-end=\"2766\">1\ufe0f\u20e3 We identify the moment that caused the block<\/p><p data-start=\"2768\" data-end=\"2831\">2\ufe0f\u20e3 Lo trabajamos con <strong data-start=\"2790\" data-end=\"2831\"><span class=\"hover:entity-accent entity-underline inline cursor-pointer align-baseline\"><span class=\"whitespace-normal\">Eye Movement Desensitization and Reprocessing<\/span><\/span><\/strong><\/p><p data-start=\"2833\" data-end=\"2908\">3\ufe0f\u20e3 We integrate the change so it shows up in training and competition<\/p><h1 data-section-id=\"vhrnex\" data-start=\"2993\" data-end=\"3010\">Modalities<\/h1><p data-start=\"3012\" data-end=\"3070\">\ud83d\udccd In-person in <strong data-start=\"3029\" data-end=\"3070\"><span class=\"hover:entity-accent entity-underline inline cursor-pointer align-baseline\"><span class=\"whitespace-normal\">Casablanca<\/span><\/span><\/strong><\/p><p data-start=\"3072\" data-end=\"3142\">\ud83d\udcbb Online (many athletes prefer it due to travel or competitions)<\/p>\t\t\t\t\t\t\t\t<\/div>\n\t\t\t\t<\/div>\n\t\t\t\t\t<\/div>\n\t\t\t\t<\/div>\n\t\t<div class=\"elementor-element elementor-element-5167896c e-flex e-con-boxed e-con e-parent\" data-id=\"5167896c\" data-element_type=\"container\" data-e-type=\"container\" data-settings=\"{&quot;background_background&quot;:&quot;classic&quot;}\">\n\t\t\t\t\t<div class=\"e-con-inner\">\n\t\t\t\t<div class=\"elementor-element elementor-element-1d15f2fa elementor-widget elementor-widget-heading\" data-id=\"1d15f2fa\" data-element_type=\"widget\" data-e-type=\"widget\" data-widget_type=\"heading.default\">\n\t\t\t\t<div class=\"elementor-widget-container\">\n\t\t\t\t\t<h3 class=\"elementor-heading-title elementor-size-default\">EMDR for athletes<\/h3>\t\t\t\t<\/div>\n\t\t\t\t<\/div>\n\t\t\t\t<div class=\"elementor-element elementor-element-18ba016f elementor-widget elementor-widget-text-editor\" data-id=\"18ba016f\" data-element_type=\"widget\" data-e-type=\"widget\" data-widget_type=\"text-editor.default\">\n\t\t\t\t<div class=\"elementor-widget-container\">\n\t\t\t\t\t\t\t\t\t<blockquote><h5 class=\"O0\" style=\"caret-color: #000000; color: #000000; margin-top: 0pt; margin-bottom: 0pt; margin-left: 0.38in; text-indent: -0.38in; text-align: center;\">\u201cTrain your mind with the same intensity as you train your body\u201d<\/h5><\/blockquote>\t\t\t\t\t\t\t\t<\/div>\n\t\t\t\t<\/div>\n\t\t\t\t<div class=\"elementor-element elementor-element-947b3ae elementor-mobile-align-center elementor-align-center elementor-widget elementor-widget-button\" data-id=\"947b3ae\" data-element_type=\"widget\" data-e-type=\"widget\" data-widget_type=\"button.default\">\n\t\t\t\t<div class=\"elementor-widget-container\">\n\t\t\t\t\t\t\t\t\t<div class=\"elementor-button-wrapper\">\n\t\t\t\t\t<a class=\"elementor-button elementor-button-link elementor-size-sm\" href=\"https:\/\/calendly.com\/sergionunezmartinez\/primera-visita?month=2025-11\" target=\"_blank\">\n\t\t\t\t\t\t<span class=\"elementor-button-content-wrapper\">\n\t\t\t\t\t\t\t\t\t<span class=\"elementor-button-text\">Let's go<\/span>\n\t\t\t\t\t<\/span>\n\t\t\t\t\t<\/a>\n\t\t\t\t<\/div>\n\t\t\t\t\t\t\t\t<\/div>\n\t\t\t\t<\/div>\n\t\t\t\t\t<\/div>\n\t\t\t\t<\/div>\n\t\t\t\t<\/div>","protected":false},"excerpt":{"rendered":"<p>Psic\u00f3logo deportivo EMDR \u00a0Superar bloqueos mentales en deportistas (Casablanca y online) EMDR para deportistas \u00bfEntrenas bien\u2026 pero en competici\u00f3n te bloqueas? A muchos deportistas les pasa: en entrenamiento todo sale en competici\u00f3n aparecen dudas errores del pasado vuelven a la mente despu\u00e9s de una lesi\u00f3n cuesta volver a confiar No es falta de talento. A [&hellip;]<\/p>\n","protected":false},"author":1,"featured_media":0,"parent":0,"menu_order":0,"comment_status":"closed","ping_status":"closed","template":"","meta":{"om_disable_all_campaigns":false,"_monsterinsights_skip_tracking":false,"_monsterinsights_sitenote_active":false,"_monsterinsights_sitenote_note":"","_monsterinsights_sitenote_category":0,"site-sidebar-layout":"no-sidebar","site-content-layout":"page-builder","ast-site-content-layout":"full-width-container","site-content-style":"default","site-sidebar-style":"default","ast-global-header-display":"","ast-banner-title-visibility":"","ast-main-header-display":"","ast-hfb-above-header-display":"","ast-hfb-below-header-display":"","ast-hfb-mobile-header-display":"","site-post-title":"disabled","ast-breadcrumbs-content":"","ast-featured-img":"disabled","footer-sml-layout":"","ast-disable-related-posts":"","theme-transparent-header-meta":"","adv-header-id-meta":"","stick-header-meta":"","header-above-stick-meta":"","header-main-stick-meta":"","header-below-stick-meta":"","astra-migrate-meta-layouts":"default","ast-page-background-enabled":"default","ast-page-background-meta":{"desktop":{"background-color":"","background-image":"","background-repeat":"repeat","background-position":"center center","background-size":"auto","background-attachment":"scroll","background-type":"","background-media":"","overlay-type":"","overlay-color":"","overlay-opacity":"","overlay-gradient":""},"tablet":{"background-color":"","background-image":"","background-repeat":"repeat","background-position":"center center","background-size":"auto","background-attachment":"scroll","background-type":"","background-media":"","overlay-type":"","overlay-color":"","overlay-opacity":"","overlay-gradient":""},"mobile":{"background-color":"","background-image":"","background-repeat":"repeat","background-position":"center center","background-size":"auto","background-attachment":"scroll","background-type":"","background-media":"","overlay-type":"","overlay-color":"","overlay-opacity":"","overlay-gradient":""}},"ast-content-background-meta":{"desktop":{"background-color":"var(--ast-global-color-5)","background-image":"","background-repeat":"repeat","background-position":"center center","background-size":"auto","background-attachment":"scroll","background-type":"","background-media":"","overlay-type":"","overlay-color":"","overlay-opacity":"","overlay-gradient":""},"tablet":{"background-color":"var(--ast-global-color-5)","background-image":"","background-repeat":"repeat","background-position":"center center","background-size":"auto","background-attachment":"scroll","background-type":"","background-media":"","overlay-type":"","overlay-color":"","overlay-opacity":"","overlay-gradient":""},"mobile":{"background-color":"var(--ast-global-color-5)","background-image":"","background-repeat":"repeat","background-position":"center center","background-size":"auto","background-attachment":"scroll","background-type":"","background-media":"","overlay-type":"","overlay-color":"","overlay-opacity":"","overlay-gradient":""}},"footnotes":""},"class_list":["post-3280","page","type-page","status-publish","hentry"],"aioseo_notices":[],"_links":{"self":[{"href":"https:\/\/mentalgymtherapy.com\/en\/wp-json\/wp\/v2\/pages\/3280","targetHints":{"allow":["GET"]}}],"collection":[{"href":"https:\/\/mentalgymtherapy.com\/en\/wp-json\/wp\/v2\/pages"}],"about":[{"href":"https:\/\/mentalgymtherapy.com\/en\/wp-json\/wp\/v2\/types\/page"}],"author":[{"embeddable":true,"href":"https:\/\/mentalgymtherapy.com\/en\/wp-json\/wp\/v2\/users\/1"}],"replies":[{"embeddable":true,"href":"https:\/\/mentalgymtherapy.com\/en\/wp-json\/wp\/v2\/comments?post=3280"}],"version-history":[{"count":4,"href":"https:\/\/mentalgymtherapy.com\/en\/wp-json\/wp\/v2\/pages\/3280\/revisions"}],"predecessor-version":[{"id":3288,"href":"https:\/\/mentalgymtherapy.com\/en\/wp-json\/wp\/v2\/pages\/3280\/revisions\/3288"}],"wp:attachment":[{"href":"https:\/\/mentalgymtherapy.com\/en\/wp-json\/wp\/v2\/media?parent=3280"}],"curies":[{"name":"wp","href":"https:\/\/api.w.org\/{rel}","templated":true}]}}