{"id":2815,"date":"2024-09-09T12:01:18","date_gmt":"2024-09-09T10:01:18","guid":{"rendered":"https:\/\/mentalgymtherapy.com\/?page_id=2815"},"modified":"2024-09-09T12:41:08","modified_gmt":"2024-09-09T10:41:08","slug":"terapia-online-ayuda","status":"publish","type":"page","link":"https:\/\/mentalgymtherapy.com\/en\/terapia-online-ayuda","title":{"rendered":"Online Therapy"},"content":{"rendered":"\t\t<div data-elementor-type=\"wp-page\" data-elementor-id=\"2815\" class=\"elementor elementor-2815\">\n\t\t\t\t<div class=\"elementor-element elementor-element-b11f93e e-flex e-con-boxed e-con e-parent\" data-id=\"b11f93e\" data-element_type=\"container\" data-e-type=\"container\">\n\t\t\t\t\t<div class=\"e-con-inner\">\n\t\t\t\t<div class=\"elementor-element elementor-element-fd26d1d elementor-widget elementor-widget-heading\" data-id=\"fd26d1d\" data-element_type=\"widget\" data-e-type=\"widget\" data-widget_type=\"heading.default\">\n\t\t\t\t<div class=\"elementor-widget-container\">\n\t\t\t\t\t<h2 class=\"elementor-heading-title elementor-size-default\">Psic\u00f3logo online<\/h2>\t\t\t\t<\/div>\n\t\t\t\t<\/div>\n\t\t\t\t<div class=\"elementor-element elementor-element-6d2aa93 elementor-widget-divider--view-line elementor-widget elementor-widget-divider\" data-id=\"6d2aa93\" data-element_type=\"widget\" data-e-type=\"widget\" data-widget_type=\"divider.default\">\n\t\t\t\t<div class=\"elementor-widget-container\">\n\t\t\t\t\t\t\t<div class=\"elementor-divider\">\n\t\t\t<span class=\"elementor-divider-separator\">\n\t\t\t\t\t\t<\/span>\n\t\t<\/div>\n\t\t\t\t\t\t<\/div>\n\t\t\t\t<\/div>\n\t\t\t\t<div class=\"elementor-element elementor-element-78d86b1 elementor-widget elementor-widget-text-editor\" data-id=\"78d86b1\" data-element_type=\"widget\" data-e-type=\"widget\" data-widget_type=\"text-editor.default\">\n\t\t\t\t<div class=\"elementor-widget-container\">\n\t\t\t\t\t\t\t\t\t<p><strong>Imagina por un momento<\/strong> la libertad de recibir terapia desde cualquier lugar del mundo, sin la necesidad de ajustarte a horarios estrictos o desplazarte. <strong>La terapia online te invita<\/strong> a explorar un camino hacia el bienestar de manera c\u00f3moda y flexible, <strong>adaptada a ti<\/strong>. <strong>Siente<\/strong> la tranquilidad de saber que, est\u00e9s donde est\u00e9s, siempre puedes contar con un espacio para ti, para reflexionar, trabajar tus emociones y <strong>visualizar el futuro que deseas<\/strong>.<\/p><p>El proceso es sencillo: <strong>a trav\u00e9s de Google Meet<\/strong>, podemos conectarnos desde la comodidad de tu hogar o donde te sientas m\u00e1s c\u00f3modo(a). No necesitas m\u00e1s que un dispositivo con acceso a internet y un lugar en el que puedas relajarte. <strong>Imagina lo f\u00e1cil que ser\u00eda tener tu sesi\u00f3n en un espacio personal<\/strong>, sin interrupciones, y en el que puedas ser t\u00fa mismo(a), trabajando a tu propio ritmo.<\/p><p>Tal vez te preguntas si la terapia online ser\u00e1 tan efectiva como la presencial. <strong>Te invito a visualizar<\/strong> c\u00f3mo podr\u00eda ser tener esa misma conexi\u00f3n cercana, esa atenci\u00f3n personalizada, sin importar la distancia. <strong>Siente<\/strong> la confianza de saber que tu bienestar emocional no tiene que esperar, que puedes iniciar el cambio ahora, desde donde est\u00e9s.<\/p><p>La terapia online te ofrece <strong>toda la privacidad y efectividad que necesitas<\/strong>, con la misma profundidad emocional y herramientas que en una consulta presencial.<\/p><p>Adem\u00e1s, <strong>tiene la ventaja de adaptarse por completo a tu rutina<\/strong>. <strong>Imagina lo f\u00e1cil que ser\u00eda continuar con tu proceso de mejora personal<\/strong>, sin preocuparte por d\u00f3nde est\u00e9s o lo ocupada que sea tu agenda diaria.<\/p><p>Si alguna vez has pensado en <strong>dar el primer paso hacia el bienestar<\/strong>, te invito a considerarlo ahora. Imagina<strong>\u00a0c\u00f3mo ser\u00eda empezar a trabajar en ti mismo(a)<\/strong>, con la seguridad de que estar\u00e1s acompa\u00f1ado(a) en cada paso. <strong>Siente la calma<\/strong> de saber que no importa d\u00f3nde te encuentres, siempre habr\u00e1 un espacio para ti en este proceso de cambio.<\/p>\t\t\t\t\t\t\t\t<\/div>\n\t\t\t\t<\/div>\n\t\t\t\t<div class=\"elementor-element elementor-element-26e37f5 elementor-widget-divider--view-line elementor-widget elementor-widget-divider\" data-id=\"26e37f5\" data-element_type=\"widget\" data-e-type=\"widget\" data-widget_type=\"divider.default\">\n\t\t\t\t<div class=\"elementor-widget-container\">\n\t\t\t\t\t\t\t<div class=\"elementor-divider\">\n\t\t\t<span class=\"elementor-divider-separator\">\n\t\t\t\t\t\t<\/span>\n\t\t<\/div>\n\t\t\t\t\t\t<\/div>\n\t\t\t\t<\/div>\n\t\t\t\t<div class=\"elementor-element elementor-element-58da160 elementor-widget elementor-widget-heading\" data-id=\"58da160\" data-element_type=\"widget\" data-e-type=\"widget\" data-widget_type=\"heading.default\">\n\t\t\t\t<div class=\"elementor-widget-container\">\n\t\t\t\t\t<h2 class=\"elementor-heading-title elementor-size-default\">Beneficios de la terapia online<\/h2>\t\t\t\t<\/div>\n\t\t\t\t<\/div>\n\t\t\t\t<div class=\"elementor-element elementor-element-fd346f6 elementor-widget elementor-widget-text-editor\" data-id=\"fd346f6\" data-element_type=\"widget\" data-e-type=\"widget\" data-widget_type=\"text-editor.default\">\n\t\t\t\t<div class=\"elementor-widget-container\">\n\t\t\t\t\t\t\t\t\t<p style=\"text-align: left;\"><strong>Si eres de los que leen en diagonal y te aburren las parrafadas, te invito a que detengas un momento tu atenci\u00f3n y \u00a0observes los principales beneficios de trabajar con un psic\u00f3logo online.<\/strong><\/p><ul><li style=\"list-style-type: none;\"><ol><li><p><strong>Comodidad y flexibilidad: <\/strong>Recibe terapia desde cualquier lugar, adaptada a tu rutina diaria.<\/p><\/li><li><p><strong>Ahorro de tiempo y dinero<\/strong>: Te ha pasado alguna vez, o conoces a alguien que ten\u00eda una cita super importante y cuando llega al sitio (porque siempre llega justo de tiempo) no encuentra sitio para aparcar y \u00abpam\u00bb vuelta para casa y de mal genio&#8230;con la terapia online evitar\u00e1s desplazamientos y gastos adicionales, centrando tu tiempo en tu bienestar y no en si hay una plaza libre.<\/p><\/li><li><p><strong>Privacidad y anonimato:<\/strong> Habla libremente en la intimidad de tu hogar, sin la exposici\u00f3n de una consulta f\u00edsica.\u00a0<\/p><\/li><li><p><strong>Continuidad en los tratamientos:<\/strong> Sigue tu terapia sin interrupciones, sin importar donde est\u00e9s, si te apetece mudarte&#8230;yo no ser\u00e9 un impedimento.<\/p><\/li><li><p><strong>Menos barreras emocionales:<\/strong> \u00c1brete m\u00e1s f\u00e1cilmente en un ambiente familiar, lo que facilita el di\u00e1logo. No hay nada como hablar desde un sitio familiar que nos da la tranquilidad que necesitamos.<\/p><\/li><li><p><strong>Mayor disponibilidad de horarios:<\/strong> Agenda tus sesiones en el momento que m\u00e1s te convenga, adapt\u00e1ndose a tu horario.<\/p><\/li><li><p><strong>Tecnolog\u00eda f\u00e1cil y accesible:<\/strong> Con\u00e9ctate sin complicaciones, utilizando plataformas intuitivas como Google Meet.<\/p><\/li><li><p><strong>Igual de efectiva que la presencial:<\/strong> Recibe los mismos resultados que en una consulta f\u00edsica, desde la comodidad de tu hogar.<\/p><\/li><\/ol><\/li><\/ul>\t\t\t\t\t\t\t\t<\/div>\n\t\t\t\t<\/div>\n\t\t\t\t\t<\/div>\n\t\t\t\t<\/div>\n\t\t<div class=\"elementor-element elementor-element-edeab39 e-flex e-con-boxed e-con e-parent\" data-id=\"edeab39\" data-element_type=\"container\" data-e-type=\"container\">\n\t\t\t\t\t<div class=\"e-con-inner\">\n\t\t\t\t<div class=\"elementor-element elementor-element-c5adf59 elementor-widget elementor-widget-heading\" data-id=\"c5adf59\" data-element_type=\"widget\" data-e-type=\"widget\" data-widget_type=\"heading.default\">\n\t\t\t\t<div class=\"elementor-widget-container\">\n\t\t\t\t\t<h2 class=\"elementor-heading-title elementor-size-default\">El primer paso comienza aqu\u00ed:<\/h2>\t\t\t\t<\/div>\n\t\t\t\t<\/div>\n\t\t\t\t\t<\/div>\n\t\t\t\t<\/div>\n\t\t<div class=\"elementor-element elementor-element-27e7b04 e-grid e-con-boxed e-con e-parent\" data-id=\"27e7b04\" data-element_type=\"container\" data-e-type=\"container\">\n\t\t\t\t\t<div class=\"e-con-inner\">\n\t\t\t\t<div class=\"elementor-element elementor-element-cb864ba elementor-widget elementor-widget-wpforms\" data-id=\"cb864ba\" data-element_type=\"widget\" data-e-type=\"widget\" data-widget_type=\"wpforms.default\">\n\t\t\t\t<div class=\"elementor-widget-container\">\n\t\t\t\t\t<div class=\"wpforms-container \" id=\"wpforms-1968\"><form id=\"wpforms-form-1968\" class=\"wpforms-validate wpforms-form\" data-formid=\"1968\" method=\"post\" enctype=\"multipart\/form-data\" action=\"\/en\/wp-json\/wp\/v2\/pages\/2815\" data-token=\"877333917216220d78b8e32fe3f9a0d0\" data-token-time=\"1778072800\"><noscript class=\"wpforms-error-noscript\">Please enable JavaScript in your browser to complete this form.<\/noscript><div class=\"wpforms-field-container\"><div id=\"wpforms-1968-field_0-container\" class=\"wpforms-field wpforms-field-name\" data-field-id=\"0\"><label class=\"wpforms-field-label wpforms-label-hide\" for=\"wpforms-1968-field_0\">Nombre <span class=\"wpforms-required-label\">*<\/span><\/label><input type=\"text\" id=\"wpforms-1968-field_0\" class=\"wpforms-field-large wpforms-field-required\" name=\"wpforms[fields][0]\" placeholder=\"NOMBRE\" required><\/div><div id=\"wpforms-1968-field_1-container\" class=\"wpforms-field wpforms-field-email\" data-field-id=\"1\"><label class=\"wpforms-field-label wpforms-label-hide\" for=\"wpforms-1968-field_1\">Email <span class=\"wpforms-required-label\">*<\/span><\/label><input type=\"email\" id=\"wpforms-1968-field_1\" class=\"wpforms-field-large wpforms-field-required\" name=\"wpforms[fields][1]\" placeholder=\"EMAIL\" spellcheck=\"false\" required><\/div><div id=\"wpforms-1968-field_4-container\" class=\"wpforms-field wpforms-field-text\" data-field-id=\"4\"><label class=\"wpforms-field-label wpforms-label-hide\" for=\"wpforms-1968-field_4\">Motivo de Consulta <span class=\"wpforms-required-label\">*<\/span><\/label><input type=\"text\" id=\"wpforms-1968-field_4\" class=\"wpforms-field-large wpforms-field-required\" name=\"wpforms[fields][4]\" placeholder=\"MOTIVO DE CONSULTA\" required><\/div><div id=\"wpforms-1968-field_2-container\" class=\"wpforms-field wpforms-field-textarea\" data-field-id=\"2\"><label class=\"wpforms-field-label wpforms-label-hide\" for=\"wpforms-1968-field_2\">Mensaje <span class=\"wpforms-required-label\">*<\/span><\/label><textarea id=\"wpforms-1968-field_2\" class=\"wpforms-field-large wpforms-field-required\" name=\"wpforms[fields][2]\" placeholder=\"MENSAJE\" required><\/textarea><\/div><\/div><!-- .wpforms-field-container --><div class=\"wpforms-field wpforms-field-hp\"><label for=\"wpforms-1968-field-hp\" class=\"wpforms-field-label\">Comment<\/label><input type=\"text\" name=\"wpforms[hp]\" id=\"wpforms-1968-field-hp\" class=\"wpforms-field-medium\"><\/div><div class=\"wpforms-submit-container\" ><input type=\"hidden\" name=\"wpforms[id]\" value=\"1968\"><input type=\"hidden\" name=\"page_title\" value=\"\"><input type=\"hidden\" name=\"page_url\" value=\"https:\/\/mentalgymtherapy.com\/en\/wp-json\/wp\/v2\/pages\/2815\"><input type=\"hidden\" name=\"url_referer\" value=\"\"><button type=\"submit\" name=\"wpforms[submit]\" id=\"wpforms-submit-1968\" class=\"wpforms-submit\" data-alt-text=\"Sending...\" data-submit-text=\"Send Message\" aria-live=\"assertive\" value=\"wpforms-submit\">Send Message<\/button><\/div><\/form><\/div>  <!-- .wpforms-container -->\t\t\t\t<\/div>\n\t\t\t\t<\/div>\n\t\t\t\t<div class=\"elementor-element elementor-element-3b60d29 elementor-widget elementor-widget-text-editor\" data-id=\"3b60d29\" data-element_type=\"widget\" data-e-type=\"widget\" data-widget_type=\"text-editor.default\">\n\t\t\t\t<div class=\"elementor-widget-container\">\n\t\t\t\t\t\t\t\t\t<h4>Sergio N\u00fa\u00f1ez Mart\u00ednez<\/h4><h5>N\u00ba colegiado: 32289<\/h5><h5>Tel. +34 699039039<\/h5><h5>snunez@mentalgymtherapy.com<\/h5><p>\u00a0<\/p><div><strong>\u00a0<\/strong><\/div>\t\t\t\t\t\t\t\t<\/div>\n\t\t\t\t<\/div>\n\t\t\t\t\t<\/div>\n\t\t\t\t<\/div>\n\t\t\t\t<\/div>\n\t\t","protected":false},"excerpt":{"rendered":"<p>Psic\u00f3logo online Imagina por un momento la libertad de recibir terapia desde cualquier lugar del mundo, sin la necesidad de ajustarte a horarios estrictos o desplazarte. La terapia online te invita a explorar un camino hacia el bienestar de manera c\u00f3moda y flexible, adaptada a ti. Siente la tranquilidad de saber que, est\u00e9s donde est\u00e9s, [&hellip;]<\/p>\n","protected":false},"author":1,"featured_media":0,"parent":0,"menu_order":0,"comment_status":"closed","ping_status":"closed","template":"","meta":{"om_disable_all_campaigns":false,"_monsterinsights_skip_tracking":false,"_monsterinsights_sitenote_active":false,"_monsterinsights_sitenote_note":"","_monsterinsights_sitenote_category":0,"site-sidebar-layout":"no-sidebar","site-content-layout":"page-builder","ast-site-content-layout":"full-width-container","site-content-style":"default","site-sidebar-style":"default","ast-global-header-display":"","ast-banner-title-visibility":"","ast-main-header-display":"","ast-hfb-above-header-display":"","ast-hfb-below-header-display":"","ast-hfb-mobile-header-display":"","site-post-title":"disabled","ast-breadcrumbs-content":"","ast-featured-img":"disabled","footer-sml-layout":"","ast-disable-related-posts":"","theme-transparent-header-meta":"","adv-header-id-meta":"","stick-header-meta":"","header-above-stick-meta":"","header-main-stick-meta":"","header-below-stick-meta":"","astra-migrate-meta-layouts":"default","ast-page-background-enabled":"default","ast-page-background-meta":{"desktop":{"background-color":"","background-image":"","background-repeat":"repeat","background-position":"center center","background-size":"auto","background-attachment":"scroll","background-type":"","background-media":"","overlay-type":"","overlay-color":"","overlay-opacity":"","overlay-gradient":""},"tablet":{"background-color":"","background-image":"","background-repeat":"repeat","background-position":"center center","background-size":"auto","background-attachment":"scroll","background-type":"","background-media":"","overlay-type":"","overlay-color":"","overlay-opacity":"","overlay-gradient":""},"mobile":{"background-color":"","background-image":"","background-repeat":"repeat","background-position":"center center","background-size":"auto","background-attachment":"scroll","background-type":"","background-media":"","overlay-type":"","overlay-color":"","overlay-opacity":"","overlay-gradient":""}},"ast-content-background-meta":{"desktop":{"background-color":"var(--ast-global-color-5)","background-image":"","background-repeat":"repeat","background-position":"center center","background-size":"auto","background-attachment":"scroll","background-type":"","background-media":"","overlay-type":"","overlay-color":"","overlay-opacity":"","overlay-gradient":""},"tablet":{"background-color":"var(--ast-global-color-5)","background-image":"","background-repeat":"repeat","background-position":"center center","background-size":"auto","background-attachment":"scroll","background-type":"","background-media":"","overlay-type":"","overlay-color":"","overlay-opacity":"","overlay-gradient":""},"mobile":{"background-color":"var(--ast-global-color-5)","background-image":"","background-repeat":"repeat","background-position":"center center","background-size":"auto","background-attachment":"scroll","background-type":"","background-media":"","overlay-type":"","overlay-color":"","overlay-opacity":"","overlay-gradient":""}},"footnotes":""},"class_list":["post-2815","page","type-page","status-publish","hentry"],"aioseo_notices":[],"_links":{"self":[{"href":"https:\/\/mentalgymtherapy.com\/en\/wp-json\/wp\/v2\/pages\/2815","targetHints":{"allow":["GET"]}}],"collection":[{"href":"https:\/\/mentalgymtherapy.com\/en\/wp-json\/wp\/v2\/pages"}],"about":[{"href":"https:\/\/mentalgymtherapy.com\/en\/wp-json\/wp\/v2\/types\/page"}],"author":[{"embeddable":true,"href":"https:\/\/mentalgymtherapy.com\/en\/wp-json\/wp\/v2\/users\/1"}],"replies":[{"embeddable":true,"href":"https:\/\/mentalgymtherapy.com\/en\/wp-json\/wp\/v2\/comments?post=2815"}],"version-history":[{"count":7,"href":"https:\/\/mentalgymtherapy.com\/en\/wp-json\/wp\/v2\/pages\/2815\/revisions"}],"predecessor-version":[{"id":2826,"href":"https:\/\/mentalgymtherapy.com\/en\/wp-json\/wp\/v2\/pages\/2815\/revisions\/2826"}],"wp:attachment":[{"href":"https:\/\/mentalgymtherapy.com\/en\/wp-json\/wp\/v2\/media?parent=2815"}],"curies":[{"name":"wp","href":"https:\/\/api.w.org\/{rel}","templated":true}]}}