{"id":2788,"date":"2024-09-06T13:39:07","date_gmt":"2024-09-06T11:39:07","guid":{"rendered":"https:\/\/mentalgymtherapy.com\/?page_id=2788"},"modified":"2024-11-07T12:41:52","modified_gmt":"2024-11-07T11:41:52","slug":"psicoterapia","status":"publish","type":"page","link":"https:\/\/mentalgymtherapy.com\/en\/psicoterapia","title":{"rendered":"Psychotherapy"},"content":{"rendered":"\t\t<div data-elementor-type=\"wp-page\" data-elementor-id=\"2788\" class=\"elementor elementor-2788\">\n\t\t\t\t<div class=\"elementor-element elementor-element-b11f93e e-flex e-con-boxed e-con e-parent\" data-id=\"b11f93e\" data-element_type=\"container\" data-e-type=\"container\">\n\t\t\t\t\t<div class=\"e-con-inner\">\n\t\t\t\t<div class=\"elementor-element elementor-element-229bd7f elementor-widget elementor-widget-image\" data-id=\"229bd7f\" data-element_type=\"widget\" data-e-type=\"widget\" data-widget_type=\"image.default\">\n\t\t\t\t<div class=\"elementor-widget-container\">\n\t\t\t\t\t\t\t\t\t\t\t\t\t\t\t<img fetchpriority=\"high\" decoding=\"async\" width=\"300\" height=\"300\" src=\"https:\/\/mentalgymtherapy.com\/wp-content\/uploads\/2024\/11\/Logo-Health-300x300.png\" class=\"attachment-medium size-medium wp-image-3036\" alt=\"\" srcset=\"https:\/\/mentalgymtherapy.com\/wp-content\/uploads\/2024\/11\/Logo-Health-300x300.png 300w, https:\/\/mentalgymtherapy.com\/wp-content\/uploads\/2024\/11\/Logo-Health-150x150.png 150w, https:\/\/mentalgymtherapy.com\/wp-content\/uploads\/2024\/11\/Logo-Health-12x12.png 12w, https:\/\/mentalgymtherapy.com\/wp-content\/uploads\/2024\/11\/Logo-Health.png 500w\" sizes=\"(max-width: 300px) 100vw, 300px\" \/>\t\t\t\t\t\t\t\t\t\t\t\t\t\t\t<\/div>\n\t\t\t\t<\/div>\n\t\t\t\t<div class=\"elementor-element elementor-element-fd26d1d elementor-widget elementor-widget-heading\" data-id=\"fd26d1d\" data-element_type=\"widget\" data-e-type=\"widget\" data-widget_type=\"heading.default\">\n\t\t\t\t<div class=\"elementor-widget-container\">\n\t\t\t\t\t<h2 class=\"elementor-heading-title elementor-size-default\">Psicoterapia Online<\/h2>\t\t\t\t<\/div>\n\t\t\t\t<\/div>\n\t\t\t\t<div class=\"elementor-element elementor-element-6d2aa93 elementor-widget-divider--view-line elementor-widget elementor-widget-divider\" data-id=\"6d2aa93\" data-element_type=\"widget\" data-e-type=\"widget\" data-widget_type=\"divider.default\">\n\t\t\t\t<div class=\"elementor-widget-container\">\n\t\t\t\t\t\t\t<div class=\"elementor-divider\">\n\t\t\t<span class=\"elementor-divider-separator\">\n\t\t\t\t\t\t<\/span>\n\t\t<\/div>\n\t\t\t\t\t\t<\/div>\n\t\t\t\t<\/div>\n\t\t\t\t<div class=\"elementor-element elementor-element-78d86b1 elementor-widget elementor-widget-text-editor\" data-id=\"78d86b1\" data-element_type=\"widget\" data-e-type=\"widget\" data-widget_type=\"text-editor.default\">\n\t\t\t\t<div class=\"elementor-widget-container\">\n\t\t\t\t\t\t\t\t\t<p>En alg\u00fan momento, <strong>todos enfrentamos dificultades<\/strong>. Situaciones que aparecen sin avisar, como si la vida decidiera ponernos a prueba cuando menos lo esperamos. Tal vez te has sentido as\u00ed, atrapado(a) en una situaci\u00f3n que te abruma, en un desaf\u00edo que parece m\u00e1s grande de lo que puedes manejar.<\/p><p><strong>Te entiendo<\/strong>, y aqu\u00ed est\u00e1s, buscando una salida, una soluci\u00f3n, una forma de volver a sentirte t\u00fa mismo(a).\u00a0<strong>Y lo est\u00e1s logrando<\/strong>, porque dar el primer paso, aunque sea peque\u00f1o, ya es parte del cambio.<\/p><p>Imagina que mientras te acompa\u00f1e en este proceso,\u00a0<strong>no estar\u00e1s solo(a)<\/strong>. Te invito a que juntos,\u00a0<strong>encontremos<\/strong><strong>\u00a0las herramientas<\/strong>\u00a0que necesitas, y paso a paso, ver\u00e1s c\u00f3mo cada d\u00eda te sientes m\u00e1s capaz de superar cualquier obst\u00e1culo que se presente. Mi objetivo no es solo\u00a0<strong>escucharte<\/strong>, sino ofrecerte habilidades pr\u00e1cticas, competencias que te ayudar\u00e1n a\u00a0<strong>resolver tus problemas y afrontar la vida de una manera diferente<\/strong>.<\/p><p>La <strong>psicoterapia<\/strong> es un espacio dedicado espec\u00edficamente a ti, a tu historia, a tus emociones, a lo que hoy te est\u00e1 afectando y que est\u00e1s dispuesto(a) a cambiar. <strong>Aqu\u00ed es donde empieza tu transformaci\u00f3n<\/strong>.<\/p><p>Y lo mejor es que\u00a0<strong>todo esto puede suceder desde la comodidad de tu hogar<\/strong>. Gracias a la psicoterapia online, no necesitas desplazarte ni adaptarte a horarios complicados.\u00a0<strong>La terapia se adapta a ti<\/strong>, y podr\u00e1s recibir los mismos beneficios que en una consulta presencial, pero con la comodidad de estar en tu casa, con tu espacio y \u00a0donde te sientes m\u00e1s seguro(a).<\/p><p><strong>Ahora imagina c\u00f3mo te sentir\u00edas<\/strong>\u00a0si pudieras dejar atr\u00e1s esa sensaci\u00f3n de bloqueo, ese problema que te ha estado pesando y produciendo malestar. Imagina tener el control de nuevo, sintiendo c\u00f3mo poco a poco recuperas tu bienestar.\u00a0<strong>Ese momento puede empezar hoy mismo<\/strong>, y estoy aqu\u00ed para acompa\u00f1arte en cada paso del camino, sin juicios, solo con la firme intenci\u00f3n de\u00a0<strong>buscar soluciones<\/strong>.<\/p>\t\t\t\t\t\t\t\t<\/div>\n\t\t\t\t<\/div>\n\t\t\t\t<div class=\"elementor-element elementor-element-26e37f5 elementor-widget-divider--view-line elementor-widget elementor-widget-divider\" data-id=\"26e37f5\" data-element_type=\"widget\" data-e-type=\"widget\" data-widget_type=\"divider.default\">\n\t\t\t\t<div class=\"elementor-widget-container\">\n\t\t\t\t\t\t\t<div class=\"elementor-divider\">\n\t\t\t<span class=\"elementor-divider-separator\">\n\t\t\t\t\t\t<\/span>\n\t\t<\/div>\n\t\t\t\t\t\t<\/div>\n\t\t\t\t<\/div>\n\t\t\t\t<div class=\"elementor-element elementor-element-58da160 elementor-widget elementor-widget-heading\" data-id=\"58da160\" data-element_type=\"widget\" data-e-type=\"widget\" data-widget_type=\"heading.default\">\n\t\t\t\t<div class=\"elementor-widget-container\">\n\t\t\t\t\t<h2 class=\"elementor-heading-title elementor-size-default\">Motivos de consulta<\/h2>\t\t\t\t<\/div>\n\t\t\t\t<\/div>\n\t\t\t\t<div class=\"elementor-element elementor-element-fd346f6 elementor-widget elementor-widget-text-editor\" data-id=\"fd346f6\" data-element_type=\"widget\" data-e-type=\"widget\" data-widget_type=\"text-editor.default\">\n\t\t\t\t<div class=\"elementor-widget-container\">\n\t\t\t\t\t\t\t\t\t<p style=\"text-align: left;\"><strong>Si eres de los que leen en diagonal y te aburren las parrafadas, te invito a que detengas un momento tu atenci\u00f3n y \u00a0observes los principales motivos de consulta que podemos trabajar en psicoterapia:<\/strong><\/p><ul><li>Estr\u00e9s<\/li><li><a href=\"https:\/\/mentalgymtherapy.com\/wp-admin\/customize.php?url=https%3A%2F%2Fmentalgymtherapy.com%2Fque-es-la-ansiead-tratamiento-online%2F\" target=\"_blank\" rel=\"noopener\"><span style=\"color: #00adb5;\"><strong><span style=\"text-decoration: underline;\">Ansiedad<\/span><\/strong><\/span><\/a><\/li><li>Tensi\u00f3n<\/li><li>Insomnio<\/li><li>P\u00e9rdida de control<\/li><li>Dificultad para relajarse<\/li><li>Presi\u00f3n<\/li><li>Obsesiones<\/li><li>Problemas relacionados con la comida<\/li><li>Tristeza<\/li><li>Dificultad para controlar las emociones<\/li><li>Trauma<\/li><li>Autoestima<\/li><\/ul>\t\t\t\t\t\t\t\t<\/div>\n\t\t\t\t<\/div>\n\t\t\t\t\t<\/div>\n\t\t\t\t<\/div>\n\t\t<div class=\"elementor-element elementor-element-edeab39 e-flex e-con-boxed e-con e-parent\" data-id=\"edeab39\" data-element_type=\"container\" data-e-type=\"container\">\n\t\t\t\t\t<div class=\"e-con-inner\">\n\t\t\t\t<div class=\"elementor-element elementor-element-c5adf59 elementor-widget elementor-widget-heading\" data-id=\"c5adf59\" data-element_type=\"widget\" data-e-type=\"widget\" data-widget_type=\"heading.default\">\n\t\t\t\t<div class=\"elementor-widget-container\">\n\t\t\t\t\t<h2 class=\"elementor-heading-title elementor-size-default\">El primer paso comienza aqu\u00ed:<\/h2>\t\t\t\t<\/div>\n\t\t\t\t<\/div>\n\t\t\t\t\t<\/div>\n\t\t\t\t<\/div>\n\t\t<div class=\"elementor-element elementor-element-27e7b04 e-grid e-con-boxed e-con e-parent\" data-id=\"27e7b04\" data-element_type=\"container\" data-e-type=\"container\">\n\t\t\t\t\t<div class=\"e-con-inner\">\n\t\t\t\t<div class=\"elementor-element elementor-element-cb864ba elementor-widget elementor-widget-wpforms\" data-id=\"cb864ba\" data-element_type=\"widget\" data-e-type=\"widget\" data-widget_type=\"wpforms.default\">\n\t\t\t\t<div class=\"elementor-widget-container\">\n\t\t\t\t\t<div class=\"wpforms-container \" id=\"wpforms-1968\"><form id=\"wpforms-form-1968\" class=\"wpforms-validate wpforms-form\" data-formid=\"1968\" method=\"post\" enctype=\"multipart\/form-data\" action=\"\/en\/wp-json\/wp\/v2\/pages\/2788\" data-token=\"877333917216220d78b8e32fe3f9a0d0\" data-token-time=\"1778072828\"><noscript class=\"wpforms-error-noscript\">Please enable JavaScript in your browser to complete this form.<\/noscript><div class=\"wpforms-field-container\"><div id=\"wpforms-1968-field_0-container\" class=\"wpforms-field wpforms-field-name\" data-field-id=\"0\"><label class=\"wpforms-field-label wpforms-label-hide\" for=\"wpforms-1968-field_0\">Nombre <span class=\"wpforms-required-label\">*<\/span><\/label><input type=\"text\" id=\"wpforms-1968-field_0\" class=\"wpforms-field-large wpforms-field-required\" name=\"wpforms[fields][0]\" placeholder=\"NOMBRE\" required><\/div><div id=\"wpforms-1968-field_1-container\" class=\"wpforms-field wpforms-field-email\" data-field-id=\"1\"><label class=\"wpforms-field-label wpforms-label-hide\" for=\"wpforms-1968-field_1\">Email <span class=\"wpforms-required-label\">*<\/span><\/label><input type=\"email\" id=\"wpforms-1968-field_1\" class=\"wpforms-field-large wpforms-field-required\" name=\"wpforms[fields][1]\" placeholder=\"EMAIL\" spellcheck=\"false\" required><\/div><div id=\"wpforms-1968-field_4-container\" class=\"wpforms-field wpforms-field-text\" data-field-id=\"4\"><label class=\"wpforms-field-label wpforms-label-hide\" for=\"wpforms-1968-field_4\">Motivo de Consulta <span class=\"wpforms-required-label\">*<\/span><\/label><input type=\"text\" id=\"wpforms-1968-field_4\" class=\"wpforms-field-large wpforms-field-required\" name=\"wpforms[fields][4]\" placeholder=\"MOTIVO DE CONSULTA\" required><\/div><div id=\"wpforms-1968-field_2-container\" class=\"wpforms-field wpforms-field-textarea\" data-field-id=\"2\"><label class=\"wpforms-field-label wpforms-label-hide\" for=\"wpforms-1968-field_2\">Mensaje <span class=\"wpforms-required-label\">*<\/span><\/label><textarea id=\"wpforms-1968-field_2\" class=\"wpforms-field-large wpforms-field-required\" name=\"wpforms[fields][2]\" placeholder=\"MENSAJE\" required><\/textarea><\/div><\/div><!-- .wpforms-field-container --><div class=\"wpforms-field wpforms-field-hp\"><label for=\"wpforms-1968-field-hp\" class=\"wpforms-field-label\">Email<\/label><input type=\"text\" name=\"wpforms[hp]\" id=\"wpforms-1968-field-hp\" class=\"wpforms-field-medium\"><\/div><div class=\"wpforms-submit-container\" ><input type=\"hidden\" name=\"wpforms[id]\" value=\"1968\"><input type=\"hidden\" name=\"page_title\" value=\"\"><input type=\"hidden\" name=\"page_url\" value=\"https:\/\/mentalgymtherapy.com\/en\/wp-json\/wp\/v2\/pages\/2788\"><input type=\"hidden\" name=\"url_referer\" value=\"\"><button type=\"submit\" name=\"wpforms[submit]\" id=\"wpforms-submit-1968\" class=\"wpforms-submit\" data-alt-text=\"Sending...\" data-submit-text=\"Send Message\" aria-live=\"assertive\" value=\"wpforms-submit\">Send Message<\/button><\/div><\/form><\/div>  <!-- .wpforms-container -->\t\t\t\t<\/div>\n\t\t\t\t<\/div>\n\t\t\t\t<div class=\"elementor-element elementor-element-3b60d29 elementor-widget elementor-widget-text-editor\" data-id=\"3b60d29\" data-element_type=\"widget\" data-e-type=\"widget\" data-widget_type=\"text-editor.default\">\n\t\t\t\t<div class=\"elementor-widget-container\">\n\t\t\t\t\t\t\t\t\t<h4>Sergio N\u00fa\u00f1ez Mart\u00ednez<\/h4><h5>N\u00ba colegiado: 32289<\/h5><h5>Tel. +34 699039039<\/h5><h5>snunez@mentalgymtherapy.com<\/h5><p>\u00a0<\/p><div><strong>\u00a0<\/strong><\/div>\t\t\t\t\t\t\t\t<\/div>\n\t\t\t\t<\/div>\n\t\t\t\t\t<\/div>\n\t\t\t\t<\/div>\n\t\t\t\t<\/div>\n\t\t","protected":false},"excerpt":{"rendered":"<p>Psicoterapia Online En alg\u00fan momento, todos enfrentamos dificultades. Situaciones que aparecen sin avisar, como si la vida decidiera ponernos a prueba cuando menos lo esperamos. Tal vez te has sentido as\u00ed, atrapado(a) en una situaci\u00f3n que te abruma, en un desaf\u00edo que parece m\u00e1s grande de lo que puedes manejar. Te entiendo, y aqu\u00ed est\u00e1s, [&hellip;]<\/p>\n","protected":false},"author":1,"featured_media":0,"parent":0,"menu_order":0,"comment_status":"closed","ping_status":"closed","template":"","meta":{"om_disable_all_campaigns":false,"_monsterinsights_skip_tracking":false,"_monsterinsights_sitenote_active":false,"_monsterinsights_sitenote_note":"","_monsterinsights_sitenote_category":0,"site-sidebar-layout":"no-sidebar","site-content-layout":"page-builder","ast-site-content-layout":"full-width-container","site-content-style":"default","site-sidebar-style":"default","ast-global-header-display":"","ast-banner-title-visibility":"","ast-main-header-display":"","ast-hfb-above-header-display":"","ast-hfb-below-header-display":"","ast-hfb-mobile-header-display":"","site-post-title":"disabled","ast-breadcrumbs-content":"","ast-featured-img":"disabled","footer-sml-layout":"","ast-disable-related-posts":"","theme-transparent-header-meta":"","adv-header-id-meta":"","stick-header-meta":"","header-above-stick-meta":"","header-main-stick-meta":"","header-below-stick-meta":"","astra-migrate-meta-layouts":"default","ast-page-background-enabled":"default","ast-page-background-meta":{"desktop":{"background-color":"","background-image":"","background-repeat":"repeat","background-position":"center center","background-size":"auto","background-attachment":"scroll","background-type":"","background-media":"","overlay-type":"","overlay-color":"","overlay-opacity":"","overlay-gradient":""},"tablet":{"background-color":"","background-image":"","background-repeat":"repeat","background-position":"center center","background-size":"auto","background-attachment":"scroll","background-type":"","background-media":"","overlay-type":"","overlay-color":"","overlay-opacity":"","overlay-gradient":""},"mobile":{"background-color":"","background-image":"","background-repeat":"repeat","background-position":"center center","background-size":"auto","background-attachment":"scroll","background-type":"","background-media":"","overlay-type":"","overlay-color":"","overlay-opacity":"","overlay-gradient":""}},"ast-content-background-meta":{"desktop":{"background-color":"var(--ast-global-color-5)","background-image":"","background-repeat":"repeat","background-position":"center center","background-size":"auto","background-attachment":"scroll","background-type":"","background-media":"","overlay-type":"","overlay-color":"","overlay-opacity":"","overlay-gradient":""},"tablet":{"background-color":"var(--ast-global-color-5)","background-image":"","background-repeat":"repeat","background-position":"center center","background-size":"auto","background-attachment":"scroll","background-type":"","background-media":"","overlay-type":"","overlay-color":"","overlay-opacity":"","overlay-gradient":""},"mobile":{"background-color":"var(--ast-global-color-5)","background-image":"","background-repeat":"repeat","background-position":"center center","background-size":"auto","background-attachment":"scroll","background-type":"","background-media":"","overlay-type":"","overlay-color":"","overlay-opacity":"","overlay-gradient":""}},"footnotes":""},"class_list":["post-2788","page","type-page","status-publish","hentry"],"aioseo_notices":[],"_links":{"self":[{"href":"https:\/\/mentalgymtherapy.com\/en\/wp-json\/wp\/v2\/pages\/2788","targetHints":{"allow":["GET"]}}],"collection":[{"href":"https:\/\/mentalgymtherapy.com\/en\/wp-json\/wp\/v2\/pages"}],"about":[{"href":"https:\/\/mentalgymtherapy.com\/en\/wp-json\/wp\/v2\/types\/page"}],"author":[{"embeddable":true,"href":"https:\/\/mentalgymtherapy.com\/en\/wp-json\/wp\/v2\/users\/1"}],"replies":[{"embeddable":true,"href":"https:\/\/mentalgymtherapy.com\/en\/wp-json\/wp\/v2\/comments?post=2788"}],"version-history":[{"count":8,"href":"https:\/\/mentalgymtherapy.com\/en\/wp-json\/wp\/v2\/pages\/2788\/revisions"}],"predecessor-version":[{"id":3045,"href":"https:\/\/mentalgymtherapy.com\/en\/wp-json\/wp\/v2\/pages\/2788\/revisions\/3045"}],"wp:attachment":[{"href":"https:\/\/mentalgymtherapy.com\/en\/wp-json\/wp\/v2\/media?parent=2788"}],"curies":[{"name":"wp","href":"https:\/\/api.w.org\/{rel}","templated":true}]}}